{"id":680,"date":"2021-09-11T17:26:10","date_gmt":"2021-09-11T17:26:10","guid":{"rendered":"https:\/\/lapicacompanies.com\/?page_id=680"},"modified":"2021-09-11T17:26:13","modified_gmt":"2021-09-11T17:26:13","slug":"projectes","status":"publish","type":"page","link":"https:\/\/lapicacompanies.com\/ca\/projectes\/","title":{"rendered":"Projectes"},"content":{"rendered":"\t\t<div data-elementor-type=\"wp-page\" data-elementor-id=\"680\" class=\"elementor elementor-680 elementor-8\">\n\t\t\t\t\t\t<section class=\"elementor-section elementor-top-section elementor-element elementor-element-c74aafe elementor-section-boxed elementor-section-height-default elementor-section-height-default parallax_section_no qode_elementor_container_no\" data-id=\"c74aafe\" data-element_type=\"section\" data-e-type=\"section\">\n\t\t\t\t\t\t<div class=\"elementor-container elementor-column-gap-default\">\n\t\t\t\t\t<div class=\"elementor-column elementor-col-100 elementor-top-column elementor-element elementor-element-51cbe03\" data-id=\"51cbe03\" data-element_type=\"column\" data-e-type=\"column\" data-settings=\"{&quot;background_background&quot;:&quot;classic&quot;}\">\n\t\t\t<div class=\"elementor-widget-wrap elementor-element-populated\">\n\t\t\t\t\t\t<div class=\"elementor-element elementor-element-5527758 elementor-widget elementor-widget-bridge_portfolio_list\" data-id=\"5527758\" data-element_type=\"widget\" data-e-type=\"widget\" data-widget_type=\"bridge_portfolio_list.default\">\n\t\t\t\t<div class=\"elementor-widget-container\">\n\t\t\t\t\t<div class='projects_holder_outer v2 portfolio_with_space portfolio_with_hover_text portfolio_holder_fwn'>\n    \n    <div class='filter_outer'>\n        <div class='filter_holder'>\n\t\t\t\t\t\t<div class=\"two_columns_50_50 clearfix portfolio_container portfolio_lapica_filtre primer\">\n\t\t\t\t<div class=\"column1\">\n\t\t\t\t\t<ul>\n\t\t\t\t\t\t<li class='filter' data-filter='all'>\n\t\t\t\t\t\t\t<span >\n\t\t\t\t\t\t\t\tTodos\t\t\t\t\t\t\t\t<sup>(<span class=\"filter_number_of_items\" ><\/span>)<\/sup>\n\t\t\t\t\t\t\t<\/span>\n\t\t\t\t\t\t<\/li>\n\t\t\t\t\t<\/ul>\n\t\t\t\t<\/div>\n\t\t\t                \t\t\t\t\t\t\t\t<div class=\"column2\">\n\t\t\t\t\t\t\t\t\t<ul>\n\t\t\t\t\t\t\t\t\t\t<li class='filter' data-filter='portfolio_category_22'>\t\t\t\t\t\n\t\t\t\t\t\t\t\t\t\t\t<span class=\"lapica_filter_span\" >\n\t\t\t\t\t\t\t\t\t\t\t\tConsultoria\t\t\t\t\t\t\t\t\t\t\t\t<sup>(<span class=\"filter_number_of_items\" ><\/span>)<\/sup>\n\t\t\t\t\t\t\t\t\t\t\t<\/span>\n\t\t\t\t\t\t\t\t\t\t\t\t\t\t\t\t\t\t\t\t\t<\/li>\n\t\t\t\t\t\t\t\t\t<\/ul>\n\t\t\t\t\t\t\t\t<\/div>\n                            \t\t\t\t\t\t\t<\/div>\n\t\t\t\t\t\t\t<div class=\"two_columns_50_50 clearfix portfolio_container portfolio_lapica_filtre\">\n\t\t\t\t\t\t\t\t\t\t\t\t<div class=\"column1\">\n\t\t\t\t\t\t\t\t\t<ul>\n\t\t\t\t\t\t\t\t\t\t<li class='filter' data-filter='portfolio_category_23'>\t\t\t\t\t\n\t\t\t\t\t\t\t\t\t\t\t<span class=\"lapica_filter_span\" >\n\t\t\t\t\t\t\t\t\t\t\t\tConvenci\u00f3\t\t\t\t\t\t\t\t\t\t\t\t<sup>(<span class=\"filter_number_of_items\" ><\/span>)<\/sup>\n\t\t\t\t\t\t\t\t\t\t\t<\/span>\n\t\t\t\t\t\t\t\t\t\t\t\t\t\t\t\t\t\t\t\t\t<\/li>\n\t\t\t\t\t\t\t\t\t<\/ul>\n\t\t\t\t\t\t\t\t<\/div>\n                            \t\t\t\t\t\t\t\t<div class=\"column2\">\n\t\t\t\t\t\t\t\t\t<ul>\n\t\t\t\t\t\t\t\t\t\t<li class='filter' data-filter='portfolio_category_25'>\t\t\t\t\t\n\t\t\t\t\t\t\t\t\t\t\t<span class=\"lapica_filter_span\" >\n\t\t\t\t\t\t\t\t\t\t\t\tTeam Building\t\t\t\t\t\t\t\t\t\t\t\t<sup>(<span class=\"filter_number_of_items\" ><\/span>)<\/sup>\n\t\t\t\t\t\t\t\t\t\t\t<\/span>\n\t\t\t\t\t\t\t\t\t\t\t\t\t\t\t\t\t\t\t\t\t<\/li>\n\t\t\t\t\t\t\t\t\t<\/ul>\n\t\t\t\t\t\t\t\t<\/div>\n            \t\t\t\t\t\t\t\t<\/div>\n\t\t\t            <!--<ul>\n                                    <li class='filter' data-filter='all'><span class=\"filter_number_of_items\" ><\/span>                        <span >All<\/span>\n                    <\/li>\n                                                                <li class='filter' data-filter='portfolio_category_22'>\n                                    <span class=\"filter_number_of_items\" ><\/span>                    <span >Consultoria<\/span>\n                                    <\/li>\n                                                <li class='filter' data-filter='portfolio_category_23'>\n                                    <span class=\"filter_number_of_items\" ><\/span>                    <span >Convenci\u00f3<\/span>\n                                    <\/li>\n                                                <li class='filter' data-filter='portfolio_category_25'>\n                                    <span class=\"filter_number_of_items\" ><\/span>                    <span >Team Building<\/span>\n                                    <\/li>\n            \n            <\/ul>-->\n        <\/div>\n    <\/div>\n\n    <div class='projects_holder portfolio_main_holder clearfix v2  hover_text portfolio_full_image portfolio_one_by_one'>\n        \n        <article class='mix portfolio_category_25 default' style=''>\n    \n    \n    \n                <div class='image_holder'>\n                <a itemprop='url' class='portfolio_link_for_touch' href='https:\/\/lapicacompanies.com\/ca\/portfolio_page\/aportant-valor-cuatrecasas\/' target=''>\n                    \n<span class='image'><img fetchpriority=\"high\" decoding=\"async\" width=\"706\" height=\"468\" src=\"https:\/\/lapicacompanies.com\/wp-content\/uploads\/2021\/07\/portadeta_CUATRECASAS.jpg\" class=\"attachment-full size-full wp-post-image\" alt=\"\" srcset=\"https:\/\/lapicacompanies.com\/wp-content\/uploads\/2021\/07\/portadeta_CUATRECASAS.jpg 706w, https:\/\/lapicacompanies.com\/wp-content\/uploads\/2021\/07\/portadeta_CUATRECASAS-300x199.jpg 300w, https:\/\/lapicacompanies.com\/wp-content\/uploads\/2021\/07\/portadeta_CUATRECASAS-700x464.jpg 700w\" sizes=\"(max-width: 706px) 100vw, 706px\" \/><\/span>                <\/a>\n\n                <span class='text_holder'>\n    <span class='text_outer'>\n        <span class='text_inner'>\n            <div class=\"hover_feature_holder_title\">\n                <div class=\"hover_feature_holder_title_inner\">\n                    \n                        \n    <h2 itemprop=\"name\" class=\"portfolio_title entry_title\"><a itemprop=\"url\" href=\"https:\/\/lapicacompanies.com\/ca\/portfolio_page\/aportant-valor-cuatrecasas\/\"  target=\"_self\"> Aportant valor, Cuatrecasas<\/a><\/h2>\n\n\n                        \n                        \n                                    <\/div>\n            <\/div>\n\n            \n        <\/span>\n    <\/span>\n<\/span>\n            <\/div>\n                    \n    \n<\/article>\n<article class='mix portfolio_category_23 default' style=''>\n    \n    \n    \n                <div class='image_holder'>\n                <a itemprop='url' class='portfolio_link_for_touch' href='https:\/\/lapicacompanies.com\/ca\/portfolio_page\/covestro\/' target=''>\n                    \n<span class='image'><img decoding=\"async\" width=\"2560\" height=\"1707\" src=\"https:\/\/lapicacompanies.com\/wp-content\/uploads\/2021\/02\/COVESTRO_PORTADA-scaled.jpg\" class=\"attachment-full size-full wp-post-image\" alt=\"\" srcset=\"https:\/\/lapicacompanies.com\/wp-content\/uploads\/2021\/02\/COVESTRO_PORTADA-scaled.jpg 2560w, https:\/\/lapicacompanies.com\/wp-content\/uploads\/2021\/02\/COVESTRO_PORTADA-300x200.jpg 300w, https:\/\/lapicacompanies.com\/wp-content\/uploads\/2021\/02\/COVESTRO_PORTADA-1024x683.jpg 1024w, https:\/\/lapicacompanies.com\/wp-content\/uploads\/2021\/02\/COVESTRO_PORTADA-768x512.jpg 768w, https:\/\/lapicacompanies.com\/wp-content\/uploads\/2021\/02\/COVESTRO_PORTADA-1536x1024.jpg 1536w, https:\/\/lapicacompanies.com\/wp-content\/uploads\/2021\/02\/COVESTRO_PORTADA-2048x1365.jpg 2048w, https:\/\/lapicacompanies.com\/wp-content\/uploads\/2021\/02\/COVESTRO_PORTADA-700x467.jpg 700w\" sizes=\"(max-width: 2560px) 100vw, 2560px\" \/><\/span>                <\/a>\n\n                <span class='text_holder'>\n    <span class='text_outer'>\n        <span class='text_inner'>\n            <div class=\"hover_feature_holder_title\">\n                <div class=\"hover_feature_holder_title_inner\">\n                    \n                        \n    <h2 itemprop=\"name\" class=\"portfolio_title entry_title\"><a itemprop=\"url\" href=\"https:\/\/lapicacompanies.com\/ca\/portfolio_page\/covestro\/\"  target=\"_self\"> COVESTRO<\/a><\/h2>\n\n\n                        \n                        \n                                    <\/div>\n            <\/div>\n\n            \n        <\/span>\n    <\/span>\n<\/span>\n            <\/div>\n                    \n    \n<\/article>\n<article class='mix portfolio_category_25 default' style=''>\n    \n    \n    \n                <div class='image_holder'>\n                <a itemprop='url' class='portfolio_link_for_touch' href='https:\/\/lapicacompanies.com\/ca\/portfolio_page\/iese\/' target=''>\n                    \n<span class='image'><img decoding=\"async\" width=\"500\" height=\"333\" src=\"https:\/\/lapicacompanies.com\/wp-content\/uploads\/2021\/02\/PROJECTE_IESE_02.jpg\" class=\"attachment-full size-full wp-post-image\" alt=\"\" srcset=\"https:\/\/lapicacompanies.com\/wp-content\/uploads\/2021\/02\/PROJECTE_IESE_02.jpg 500w, https:\/\/lapicacompanies.com\/wp-content\/uploads\/2021\/02\/PROJECTE_IESE_02-300x200.jpg 300w\" sizes=\"(max-width: 500px) 100vw, 500px\" \/><\/span>                <\/a>\n\n                <span class='text_holder'>\n    <span class='text_outer'>\n        <span class='text_inner'>\n            <div class=\"hover_feature_holder_title\">\n                <div class=\"hover_feature_holder_title_inner\">\n                    \n                        \n    <h2 itemprop=\"name\" class=\"portfolio_title entry_title\"><a itemprop=\"url\" href=\"https:\/\/lapicacompanies.com\/ca\/portfolio_page\/iese\/\"  target=\"_self\"> IESE<\/a><\/h2>\n\n\n                        \n                        \n                                    <\/div>\n            <\/div>\n\n            \n        <\/span>\n    <\/span>\n<\/span>\n            <\/div>\n                    \n    \n<\/article>\n<article class='mix default' style=''>\n    \n    \n    \n                <div class='image_holder'>\n                <a itemprop='url' class='portfolio_link_for_touch' href='https:\/\/lapicacompanies.com\/ca\/portfolio_page\/ipad-rally-masterclass-en-bacardi-vanderlande\/' target=''>\n                    \n<span class='image'><img loading=\"lazy\" decoding=\"async\" width=\"706\" height=\"468\" src=\"https:\/\/lapicacompanies.com\/wp-content\/uploads\/2021\/06\/3-VANDERLANDE_Convencion_BONA.jpg\" class=\"attachment-full size-full wp-post-image\" alt=\"\" srcset=\"https:\/\/lapicacompanies.com\/wp-content\/uploads\/2021\/06\/3-VANDERLANDE_Convencion_BONA.jpg 706w, https:\/\/lapicacompanies.com\/wp-content\/uploads\/2021\/06\/3-VANDERLANDE_Convencion_BONA-300x199.jpg 300w, https:\/\/lapicacompanies.com\/wp-content\/uploads\/2021\/06\/3-VANDERLANDE_Convencion_BONA-700x464.jpg 700w\" sizes=\"(max-width: 706px) 100vw, 706px\" \/><\/span>                <\/a>\n\n                <span class='text_holder'>\n    <span class='text_outer'>\n        <span class='text_inner'>\n            <div class=\"hover_feature_holder_title\">\n                <div class=\"hover_feature_holder_title_inner\">\n                    \n                        \n    <h2 itemprop=\"name\" class=\"portfolio_title entry_title\"><a itemprop=\"url\" href=\"https:\/\/lapicacompanies.com\/ca\/portfolio_page\/ipad-rally-masterclass-en-bacardi-vanderlande\/\"  target=\"_self\"> Ipad Rally + Masterclass a BACARD\u00cd, Vanderlande<\/a><\/h2>\n\n\n                        \n                        \n                                    <\/div>\n            <\/div>\n\n            \n        <\/span>\n    <\/span>\n<\/span>\n            <\/div>\n                    \n    \n<\/article>\n<article class='mix portfolio_category_22 portfolio_category_25 default' style=''>\n    \n    \n    \n                <div class='image_holder'>\n                <a itemprop='url' class='portfolio_link_for_touch' href='https:\/\/lapicacompanies.com\/ca\/portfolio_page\/sessio-de-formacio-i-team-building-per-activa-mutua\/' target=''>\n                    \n<span class='image'><img loading=\"lazy\" decoding=\"async\" width=\"2560\" height=\"1707\" src=\"https:\/\/lapicacompanies.com\/wp-content\/uploads\/2021\/02\/ACTIVA_PORTADA-scaled.jpg\" class=\"attachment-full size-full wp-post-image\" alt=\"\" srcset=\"https:\/\/lapicacompanies.com\/wp-content\/uploads\/2021\/02\/ACTIVA_PORTADA-scaled.jpg 2560w, https:\/\/lapicacompanies.com\/wp-content\/uploads\/2021\/02\/ACTIVA_PORTADA-300x200.jpg 300w, https:\/\/lapicacompanies.com\/wp-content\/uploads\/2021\/02\/ACTIVA_PORTADA-1024x683.jpg 1024w, https:\/\/lapicacompanies.com\/wp-content\/uploads\/2021\/02\/ACTIVA_PORTADA-768x512.jpg 768w, https:\/\/lapicacompanies.com\/wp-content\/uploads\/2021\/02\/ACTIVA_PORTADA-1536x1024.jpg 1536w, https:\/\/lapicacompanies.com\/wp-content\/uploads\/2021\/02\/ACTIVA_PORTADA-2048x1365.jpg 2048w, https:\/\/lapicacompanies.com\/wp-content\/uploads\/2021\/02\/ACTIVA_PORTADA-700x467.jpg 700w\" sizes=\"(max-width: 2560px) 100vw, 2560px\" \/><\/span>                <\/a>\n\n                <span class='text_holder'>\n    <span class='text_outer'>\n        <span class='text_inner'>\n            <div class=\"hover_feature_holder_title\">\n                <div class=\"hover_feature_holder_title_inner\">\n                    \n                        \n    <h2 itemprop=\"name\" class=\"portfolio_title entry_title\"><a itemprop=\"url\" href=\"https:\/\/lapicacompanies.com\/ca\/portfolio_page\/sessio-de-formacio-i-team-building-per-activa-mutua\/\"  target=\"_self\"> Sessi\u00f3 de Formaci\u00f3 i Team Building per ACTIVA M\u00daTUA<\/a><\/h2>\n\n\n                        \n                        \n                                    <\/div>\n            <\/div>\n\n            \n        <\/span>\n    <\/span>\n<\/span>\n            <\/div>\n                    \n    \n<\/article>\n        <div class='filler'><\/div>\n            <div class='filler'><\/div>\n        <\/div>\n\n    \n    <\/div>\t\t\t\t<\/div>\n\t\t\t\t<\/div>\n\t\t\t\t\t<\/div>\n\t\t<\/div>\n\t\t\t\t\t<\/div>\n\t\t<\/section>\n\t\t\t\t<\/div>\n\t\t","protected":false},"excerpt":{"rendered":"V\u00e0rem organitzar una s\u00e9rie d\u2019activitats, dins l\u2019aula, integrades a les sessions de formaci\u00f3 com per exemple una activitat amb peces de Lego. Vam proposar idees per fer a l\u2019aire lliure amb la intenci\u00f3 de motivar als participabts y avitar aix\u00ed que tan sols estiguessin dins...","protected":false},"author":1,"featured_media":0,"parent":0,"menu_order":0,"comment_status":"closed","ping_status":"closed","template":"","meta":{"footnotes":""},"class_list":["post-680","page","type-page","status-publish","hentry"],"_links":{"self":[{"href":"https:\/\/lapicacompanies.com\/ca\/wp-json\/wp\/v2\/pages\/680","targetHints":{"allow":["GET"]}}],"collection":[{"href":"https:\/\/lapicacompanies.com\/ca\/wp-json\/wp\/v2\/pages"}],"about":[{"href":"https:\/\/lapicacompanies.com\/ca\/wp-json\/wp\/v2\/types\/page"}],"author":[{"embeddable":true,"href":"https:\/\/lapicacompanies.com\/ca\/wp-json\/wp\/v2\/users\/1"}],"replies":[{"embeddable":true,"href":"https:\/\/lapicacompanies.com\/ca\/wp-json\/wp\/v2\/comments?post=680"}],"version-history":[{"count":1,"href":"https:\/\/lapicacompanies.com\/ca\/wp-json\/wp\/v2\/pages\/680\/revisions"}],"predecessor-version":[{"id":681,"href":"https:\/\/lapicacompanies.com\/ca\/wp-json\/wp\/v2\/pages\/680\/revisions\/681"}],"wp:attachment":[{"href":"https:\/\/lapicacompanies.com\/ca\/wp-json\/wp\/v2\/media?parent=680"}],"curies":[{"name":"wp","href":"https:\/\/api.w.org\/{rel}","templated":true}]}}