{"id":672,"date":"2021-01-31T18:25:50","date_gmt":"2021-01-31T18:25:50","guid":{"rendered":"https:\/\/lapicacompanies.com\/metodo\/"},"modified":"2021-09-11T18:23:16","modified_gmt":"2021-09-11T18:23:16","slug":"metode","status":"publish","type":"page","link":"https:\/\/lapicacompanies.com\/ca\/metode\/","title":{"rendered":"M\u00e8tode"},"content":{"rendered":"<p>[vc_row css_animation=&#8221;&#8221; row_type=&#8221;row&#8221; use_row_as_full_screen_section=&#8221;no&#8221; type=&#8221;grid&#8221; angled_section=&#8221;no&#8221; text_align=&#8221;left&#8221; background_image_as_pattern=&#8221;without_pattern&#8221; z_index=&#8221;&#8221; padding_top=&#8221;30&#8243;][vc_column][vc_column_text]<\/p>\n<h1>Les experi\u00e8ncies com a vehicle per maximitzar els valors corporatius s\u00f3n, alhora, una eina estrat\u00e8gica per a les empreses. Serveixen per difondre, implementar, treballar o comunicar els valors corporatius de les empreses. Aix\u00ed mateix, motiven als empleats per tal d&#8217;incrementar la seva productivitat.<\/h1>\n<p>[\/vc_column_text][\/vc_column][\/vc_row][vc_row css_animation=&#8221;&#8221; row_type=&#8221;row&#8221; use_row_as_full_screen_section=&#8221;no&#8221; type=&#8221;full_width&#8221; angled_section=&#8221;no&#8221; text_align=&#8221;left&#8221; background_image_as_pattern=&#8221;without_pattern&#8221; z_index=&#8221;&#8221; padding_top=&#8221;100&#8243; padding_bottom=&#8221;150&#8243;][vc_column][vc_row_inner row_type=&#8221;row&#8221; type=&#8221;full_width&#8221; text_align=&#8221;left&#8221; css_animation=&#8221;&#8221;][vc_column_inner][vc_single_image image=&#8221;279&#8243; img_size=&#8221;full&#8221; alignment=&#8221;center&#8221; qode_css_animation=&#8221;&#8221;][\/vc_column_inner][\/vc_row_inner][vc_row_inner row_type=&#8221;row&#8221; type=&#8221;grid&#8221; text_align=&#8221;left&#8221; css_animation=&#8221;&#8221;][vc_column_inner css=&#8221;.vc_custom_1612801863535{padding-right: 200px !important;padding-left: 200px !important;}&#8221;][vc_separator type=&#8221;transparent&#8221; up=&#8221;50&#8243;][vc_column_text]<br \/>\n01. &#8211; Cohesionen equips &#8211; Transmeten valors corporatius (eina estrat\u00e8gica de l&#8217;organitzaci\u00f3) &#8211; Promouen la implicaci\u00f3 personal dels empleats cap a l&#8217;empresa.[\/vc_column_text][vc_separator type=&#8221;transparent&#8221;][vc_column_text]02. &#8211; Els treballadors es senten part de l&#8217;organitzaci\u00f3 -Aporten el seu valor personal-. Aprenen, en primera persona, eines per aplicar en els seus llocs de treball.[\/vc_column_text][\/vc_column_inner][\/vc_row_inner][\/vc_column][\/vc_row][vc_row css_animation=&#8221;&#8221; row_type=&#8221;row&#8221; use_row_as_full_screen_section=&#8221;no&#8221; type=&#8221;full_width&#8221; angled_section=&#8221;no&#8221; text_align=&#8221;left&#8221; background_image_as_pattern=&#8221;without_pattern&#8221; z_index=&#8221;&#8221; background_color=&#8221;#304858&#8243; padding_bottom=&#8221;100&#8243;][vc_column][vc_row_inner row_type=&#8221;row&#8221; type=&#8221;full_width&#8221; text_align=&#8221;left&#8221; css_animation=&#8221;&#8221;][vc_column_inner][vc_single_image image=&#8221;274&#8243; img_size=&#8221;750&#215;1172&#8243; alignment=&#8221;center&#8221; qode_css_animation=&#8221;&#8221;][\/vc_column_inner][\/vc_row_inner][vc_row_inner row_type=&#8221;row&#8221; type=&#8221;grid&#8221; text_align=&#8221;left&#8221; css_animation=&#8221;&#8221; el_id=&#8221;metodo&#8221;][vc_column_inner el_class=&#8221;metodo-text-color&#8221; css=&#8221;.vc_custom_1612806964600{padding-right: 200px !important;padding-left: 200px !important;}&#8221;][vc_column_text el_class=&#8221;metodo-text-color&#8221;]<\/p>\n<p style=\"text-align: left;\">01. OBJECTIUS<\/p>\n<p style=\"text-align: left;\">Amb la nostre <a href=\"\/ca\/#nosaltres\">experi\u00e8ncia<\/a> i la informaci\u00f3 que ens faciliten els clients som capa\u00e7os de delimitar objectius concrets per a definir l&#8217;eix de la nostra proposta.<\/p>\n<p>[\/vc_column_text][vc_separator type=&#8221;transparent&#8221;][vc_column_text]<\/p>\n<p style=\"text-align: left;\">02. PROPOSTA<\/p>\n<p style=\"text-align: left;\">Cada esdeveniment \u00e9s fruit d&#8217;un proc\u00e9s creatiu rigor\u00f3s i compartit. En tot moment, el <a href=\"\/\">client<\/a> \u00e9s el protagonista i els valors de l&#8217;empresa s&#8217;articulen al voltant d&#8217;un relat.<\/p>\n<p>[\/vc_column_text][vc_separator type=&#8221;transparent&#8221;][vc_column_text]<\/p>\n<p style=\"text-align: left;\">03. FEED BACK<\/p>\n<p style=\"text-align: left;\">Valoraci\u00f3 de l&#8217;<a href=\"\/ca\/projectes\/\">event<\/a> i de la consecuci\u00f3 dels objectius fixats inicialment.<\/p>\n<p>[\/vc_column_text][\/vc_column_inner][\/vc_row_inner][\/vc_column][\/vc_row]<\/p>\n","protected":false},"excerpt":{"rendered":"<p>[vc_row css_animation=&#8221;&#8221; row_type=&#8221;row&#8221; use_row_as_full_screen_section=&#8221;no&#8221; type=&#8221;grid&#8221; angled_section=&#8221;no&#8221; text_align=&#8221;left&#8221; background_image_as_pattern=&#8221;without_pattern&#8221; z_index=&#8221;&#8221; padding_top=&#8221;30&#8243;][vc_column][vc_column_text] Les experi\u00e8ncies com a vehicle per maximitzar els valors corporatius s\u00f3n, alhora, una eina estrat\u00e8gica per a les empreses. Serveixen per difondre, implementar, treballar o comunicar els valors corporatius de les empreses. Aix\u00ed mateix, motiven&#8230;<\/p>\n","protected":false},"author":1,"featured_media":0,"parent":0,"menu_order":0,"comment_status":"closed","ping_status":"closed","template":"full_width.php","meta":{"footnotes":""},"class_list":["post-672","page","type-page","status-publish","hentry"],"_links":{"self":[{"href":"https:\/\/lapicacompanies.com\/ca\/wp-json\/wp\/v2\/pages\/672","targetHints":{"allow":["GET"]}}],"collection":[{"href":"https:\/\/lapicacompanies.com\/ca\/wp-json\/wp\/v2\/pages"}],"about":[{"href":"https:\/\/lapicacompanies.com\/ca\/wp-json\/wp\/v2\/types\/page"}],"author":[{"embeddable":true,"href":"https:\/\/lapicacompanies.com\/ca\/wp-json\/wp\/v2\/users\/1"}],"replies":[{"embeddable":true,"href":"https:\/\/lapicacompanies.com\/ca\/wp-json\/wp\/v2\/comments?post=672"}],"version-history":[{"count":6,"href":"https:\/\/lapicacompanies.com\/ca\/wp-json\/wp\/v2\/pages\/672\/revisions"}],"predecessor-version":[{"id":694,"href":"https:\/\/lapicacompanies.com\/ca\/wp-json\/wp\/v2\/pages\/672\/revisions\/694"}],"wp:attachment":[{"href":"https:\/\/lapicacompanies.com\/ca\/wp-json\/wp\/v2\/media?parent=672"}],"curies":[{"name":"wp","href":"https:\/\/api.w.org\/{rel}","templated":true}]}}