{"id":221,"date":"2021-02-08T10:12:26","date_gmt":"2021-02-08T10:12:26","guid":{"rendered":"http:\/\/lapicacompanies.com\/?page_id=221"},"modified":"2023-02-13T09:43:13","modified_gmt":"2023-02-13T09:43:13","slug":"home","status":"publish","type":"page","link":"https:\/\/lapicacompanies.com\/ca\/","title":{"rendered":"home"},"content":{"rendered":"<p>[vc_row css_animation=&#8221;&#8221; row_type=&#8221;row&#8221; use_row_as_full_screen_section=&#8221;no&#8221; type=&#8221;grid&#8221; angled_section=&#8221;no&#8221; text_align=&#8221;left&#8221; background_image_as_pattern=&#8221;without_pattern&#8221; z_index=&#8221;&#8221; padding_bottom=&#8221;50&#8243; padding_top=&#8221;30&#8243;][vc_column][vc_column_text]<\/p>\n<h1>20 anys creant experi\u00e8ncies 360\u00ba<\/h1>\n<p>[\/vc_column_text][\/vc_column][\/vc_row][vc_row css_animation=&#8221;&#8221; row_type=&#8221;row&#8221; use_row_as_full_screen_section=&#8221;no&#8221; type=&#8221;full_width&#8221; angled_section=&#8221;no&#8221; text_align=&#8221;left&#8221; background_image_as_pattern=&#8221;without_pattern&#8221; background_image=&#8221;93&#8243; z_index=&#8221;&#8221; padding_top=&#8221;250&#8243; padding_bottom=&#8221;250&#8243;][vc_column][\/vc_column][\/vc_row][vc_row css_animation=&#8221;&#8221; row_type=&#8221;row&#8221; use_row_as_full_screen_section=&#8221;no&#8221; type=&#8221;grid&#8221; angled_section=&#8221;no&#8221; text_align=&#8221;left&#8221; background_image_as_pattern=&#8221;without_pattern&#8221; z_index=&#8221;&#8221; padding_bottom=&#8221;100&#8243; padding_top=&#8221;100&#8243;][vc_column][vc_column_text]<\/p>\n<h3>El grup Lapica neix el 1993 i des de fa m\u00e9s de 20 anys desenvolupem programes de formaci\u00f3, activitats i esdeveniments per a empreses l\u00edders del seu sector. Som col\u00b7laboradors habituals d&#8217;importants escoles de negocis internacionals.<\/h3>\n<p>[\/vc_column_text][\/vc_column][\/vc_row][vc_row css_animation=&#8221;&#8221; row_type=&#8221;row&#8221; use_row_as_full_screen_section=&#8221;no&#8221; type=&#8221;full_width&#8221; angled_section=&#8221;no&#8221; text_align=&#8221;left&#8221; background_image_as_pattern=&#8221;without_pattern&#8221; z_index=&#8221;&#8221; background_color=&#8221;#ededed&#8221; padding_top=&#8221;100&#8243; padding_bottom=&#8221;100&#8243;][vc_column][vc_row_inner row_type=&#8221;row&#8221; type=&#8221;grid&#8221; text_align=&#8221;left&#8221; css_animation=&#8221;&#8221;][vc_column_inner][vc_column_text]<\/p>\n<div>\n<h2>Els nostres events<\/h2>\n<\/div>\n<p>[\/vc_column_text][vc_separator type=&#8221;transparent&#8221; down=&#8221;50&#8243;]<div class='projects_holder_outer v3 portfolio_with_space portfolio_with_hover_text'>\n        <div class='projects_holder portfolio_main_holder clearfix v3  hover_text portfolio_full_image portfolio_one_by_one'>\n        \n        <article class='mix portfolio_category_23 default' style=''>\n    \n    \n    \n                <div class='image_holder'>\n                <a itemprop='url' class='portfolio_link_for_touch' href='https:\/\/lapicacompanies.com\/ca\/portfolio_page\/covestro\/' target=''>\n                    \n<span class='image'><img fetchpriority=\"high\" decoding=\"async\" width=\"2560\" height=\"1707\" src=\"https:\/\/lapicacompanies.com\/wp-content\/uploads\/2021\/02\/COVESTRO_PORTADA-scaled.jpg\" class=\"attachment-full size-full wp-post-image\" alt=\"\" srcset=\"https:\/\/lapicacompanies.com\/wp-content\/uploads\/2021\/02\/COVESTRO_PORTADA-scaled.jpg 2560w, https:\/\/lapicacompanies.com\/wp-content\/uploads\/2021\/02\/COVESTRO_PORTADA-300x200.jpg 300w, https:\/\/lapicacompanies.com\/wp-content\/uploads\/2021\/02\/COVESTRO_PORTADA-1024x683.jpg 1024w, https:\/\/lapicacompanies.com\/wp-content\/uploads\/2021\/02\/COVESTRO_PORTADA-768x512.jpg 768w, https:\/\/lapicacompanies.com\/wp-content\/uploads\/2021\/02\/COVESTRO_PORTADA-1536x1024.jpg 1536w, https:\/\/lapicacompanies.com\/wp-content\/uploads\/2021\/02\/COVESTRO_PORTADA-2048x1365.jpg 2048w, https:\/\/lapicacompanies.com\/wp-content\/uploads\/2021\/02\/COVESTRO_PORTADA-700x467.jpg 700w\" sizes=\"(max-width: 2560px) 100vw, 2560px\" \/><\/span>                <\/a>\n\n                <span class='text_holder'>\n    <span class='text_outer'>\n        <span class='text_inner'>\n            <div class=\"hover_feature_holder_title\">\n                <div class=\"hover_feature_holder_title_inner\">\n                    \n                        \n    <h3 itemprop=\"name\" class=\"portfolio_title entry_title\"><a itemprop=\"url\" href=\"https:\/\/lapicacompanies.com\/ca\/portfolio_page\/covestro\/\"  target=\"_self\"> COVESTRO<\/a><\/h3>\n\n\n                        \n                        \n                                    <\/div>\n            <\/div>\n\n            \n        <\/span>\n    <\/span>\n<\/span>\n            <\/div>\n                    \n    \n<\/article>\n<article class='mix portfolio_category_25 default' style=''>\n    \n    \n    \n                <div class='image_holder'>\n                <a itemprop='url' class='portfolio_link_for_touch' href='https:\/\/lapicacompanies.com\/ca\/portfolio_page\/iese\/' target=''>\n                    \n<span class='image'><img decoding=\"async\" width=\"500\" height=\"333\" src=\"https:\/\/lapicacompanies.com\/wp-content\/uploads\/2021\/02\/PROJECTE_IESE_02.jpg\" class=\"attachment-full size-full wp-post-image\" alt=\"\" srcset=\"https:\/\/lapicacompanies.com\/wp-content\/uploads\/2021\/02\/PROJECTE_IESE_02.jpg 500w, https:\/\/lapicacompanies.com\/wp-content\/uploads\/2021\/02\/PROJECTE_IESE_02-300x200.jpg 300w\" sizes=\"(max-width: 500px) 100vw, 500px\" \/><\/span>                <\/a>\n\n                <span class='text_holder'>\n    <span class='text_outer'>\n        <span class='text_inner'>\n            <div class=\"hover_feature_holder_title\">\n                <div class=\"hover_feature_holder_title_inner\">\n                    \n                        \n    <h3 itemprop=\"name\" class=\"portfolio_title entry_title\"><a itemprop=\"url\" href=\"https:\/\/lapicacompanies.com\/ca\/portfolio_page\/iese\/\"  target=\"_self\"> IESE<\/a><\/h3>\n\n\n                        \n                        \n                                    <\/div>\n            <\/div>\n\n            \n        <\/span>\n    <\/span>\n<\/span>\n            <\/div>\n                    \n    \n<\/article>\n<article class='mix portfolio_category_22 portfolio_category_25 default' style=''>\n    \n    \n    \n                <div class='image_holder'>\n                <a itemprop='url' class='portfolio_link_for_touch' href='https:\/\/lapicacompanies.com\/ca\/portfolio_page\/sessio-de-formacio-i-team-building-per-activa-mutua\/' target=''>\n                    \n<span class='image'><img decoding=\"async\" width=\"2560\" height=\"1707\" src=\"https:\/\/lapicacompanies.com\/wp-content\/uploads\/2021\/02\/ACTIVA_PORTADA-scaled.jpg\" class=\"attachment-full size-full wp-post-image\" alt=\"\" srcset=\"https:\/\/lapicacompanies.com\/wp-content\/uploads\/2021\/02\/ACTIVA_PORTADA-scaled.jpg 2560w, https:\/\/lapicacompanies.com\/wp-content\/uploads\/2021\/02\/ACTIVA_PORTADA-300x200.jpg 300w, https:\/\/lapicacompanies.com\/wp-content\/uploads\/2021\/02\/ACTIVA_PORTADA-1024x683.jpg 1024w, https:\/\/lapicacompanies.com\/wp-content\/uploads\/2021\/02\/ACTIVA_PORTADA-768x512.jpg 768w, https:\/\/lapicacompanies.com\/wp-content\/uploads\/2021\/02\/ACTIVA_PORTADA-1536x1024.jpg 1536w, https:\/\/lapicacompanies.com\/wp-content\/uploads\/2021\/02\/ACTIVA_PORTADA-2048x1365.jpg 2048w, https:\/\/lapicacompanies.com\/wp-content\/uploads\/2021\/02\/ACTIVA_PORTADA-700x467.jpg 700w\" sizes=\"(max-width: 2560px) 100vw, 2560px\" \/><\/span>                <\/a>\n\n                <span class='text_holder'>\n    <span class='text_outer'>\n        <span class='text_inner'>\n            <div class=\"hover_feature_holder_title\">\n                <div class=\"hover_feature_holder_title_inner\">\n                    \n                        \n    <h3 itemprop=\"name\" class=\"portfolio_title entry_title\"><a itemprop=\"url\" href=\"https:\/\/lapicacompanies.com\/ca\/portfolio_page\/sessio-de-formacio-i-team-building-per-activa-mutua\/\"  target=\"_self\"> Sessi\u00f3 de Formaci\u00f3 i Team Building per ACTIVA M\u00daTUA<\/a><\/h3>\n\n\n                        \n                        \n                                    <\/div>\n            <\/div>\n\n            \n        <\/span>\n    <\/span>\n<\/span>\n            <\/div>\n                    \n    \n<\/article>\n<article class='mix default' style=''>\n    \n    \n    \n                <div class='image_holder'>\n                <a itemprop='url' class='portfolio_link_for_touch' href='https:\/\/lapicacompanies.com\/ca\/portfolio_page\/ipad-rally-masterclass-en-bacardi-vanderlande\/' target=''>\n                    \n<span class='image'><img loading=\"lazy\" decoding=\"async\" width=\"706\" height=\"468\" src=\"https:\/\/lapicacompanies.com\/wp-content\/uploads\/2021\/06\/3-VANDERLANDE_Convencion_BONA.jpg\" class=\"attachment-full size-full wp-post-image\" alt=\"\" srcset=\"https:\/\/lapicacompanies.com\/wp-content\/uploads\/2021\/06\/3-VANDERLANDE_Convencion_BONA.jpg 706w, https:\/\/lapicacompanies.com\/wp-content\/uploads\/2021\/06\/3-VANDERLANDE_Convencion_BONA-300x199.jpg 300w, https:\/\/lapicacompanies.com\/wp-content\/uploads\/2021\/06\/3-VANDERLANDE_Convencion_BONA-700x464.jpg 700w\" sizes=\"(max-width: 706px) 100vw, 706px\" \/><\/span>                <\/a>\n\n                <span class='text_holder'>\n    <span class='text_outer'>\n        <span class='text_inner'>\n            <div class=\"hover_feature_holder_title\">\n                <div class=\"hover_feature_holder_title_inner\">\n                    \n                        \n    <h3 itemprop=\"name\" class=\"portfolio_title entry_title\"><a itemprop=\"url\" href=\"https:\/\/lapicacompanies.com\/ca\/portfolio_page\/ipad-rally-masterclass-en-bacardi-vanderlande\/\"  target=\"_self\"> Ipad Rally + Masterclass a BACARD\u00cd, Vanderlande<\/a><\/h3>\n\n\n                        \n                        \n                                    <\/div>\n            <\/div>\n\n            \n        <\/span>\n    <\/span>\n<\/span>\n            <\/div>\n                    \n    \n<\/article>\n<article class='mix portfolio_category_25 default' style=''>\n    \n    \n    \n                <div class='image_holder'>\n                <a itemprop='url' class='portfolio_link_for_touch' href='https:\/\/lapicacompanies.com\/ca\/portfolio_page\/aportant-valor-cuatrecasas\/' target=''>\n                    \n<span class='image'><img loading=\"lazy\" decoding=\"async\" width=\"706\" height=\"468\" src=\"https:\/\/lapicacompanies.com\/wp-content\/uploads\/2021\/07\/portadeta_CUATRECASAS.jpg\" class=\"attachment-full size-full wp-post-image\" alt=\"\" srcset=\"https:\/\/lapicacompanies.com\/wp-content\/uploads\/2021\/07\/portadeta_CUATRECASAS.jpg 706w, https:\/\/lapicacompanies.com\/wp-content\/uploads\/2021\/07\/portadeta_CUATRECASAS-300x199.jpg 300w, https:\/\/lapicacompanies.com\/wp-content\/uploads\/2021\/07\/portadeta_CUATRECASAS-700x464.jpg 700w\" sizes=\"(max-width: 706px) 100vw, 706px\" \/><\/span>                <\/a>\n\n                <span class='text_holder'>\n    <span class='text_outer'>\n        <span class='text_inner'>\n            <div class=\"hover_feature_holder_title\">\n                <div class=\"hover_feature_holder_title_inner\">\n                    \n                        \n    <h3 itemprop=\"name\" class=\"portfolio_title entry_title\"><a itemprop=\"url\" href=\"https:\/\/lapicacompanies.com\/ca\/portfolio_page\/aportant-valor-cuatrecasas\/\"  target=\"_self\"> Aportant valor, Cuatrecasas<\/a><\/h3>\n\n\n                        \n                        \n                                    <\/div>\n            <\/div>\n\n            \n        <\/span>\n    <\/span>\n<\/span>\n            <\/div>\n                    \n    \n<\/article>\n        <div class='filler'><\/div>\n            <div class='filler'><\/div>\n            <div class='filler'><\/div>\n        <\/div>\n\n    \n    <\/div>[\/vc_column_inner][\/vc_row_inner][\/vc_column][\/vc_row][vc_row css_animation=&#8221;&#8221; row_type=&#8221;row&#8221; use_row_as_full_screen_section=&#8221;no&#8221; type=&#8221;full_width&#8221; angled_section=&#8221;no&#8221; text_align=&#8221;left&#8221; background_image_as_pattern=&#8221;without_pattern&#8221; z_index=&#8221;&#8221; background_color=&#8221;#304858&#8243; padding_top=&#8221;100&#8243; padding_bottom=&#8221;100&#8243; el_id=&#8221;serveis&#8221;][vc_column][vc_row_inner row_type=&#8221;row&#8221; type=&#8221;grid&#8221; text_align=&#8221;left&#8221; css_animation=&#8221;&#8221; anchor=&#8221;serveis&#8221;][vc_column_inner][vc_column_text el_class=&#8221;home-serveis&#8221;]<\/p>\n<div>\n<h2><span lang=\"EN-US\">Serveis<\/span><\/h2>\n<\/div>\n<h3>Control absolut de tot el projecte. Establim una estreta relaci\u00f3 amb els nostres prove\u00efdors, claus en l&#8217;\u00e8xit de les nostres propostes.<\/h3>\n<p>[\/vc_column_text][vc_separator type=&#8221;transparent&#8221; down=&#8221;50&#8243;][\/vc_column_inner][\/vc_row_inner][vc_row_inner row_type=&#8221;row&#8221; type=&#8221;grid&#8221; text_align=&#8221;left&#8221; css_animation=&#8221;&#8221; el_class=&#8221;home-serveis-columnes&#8221;][vc_column_inner width=&#8221;1\/3&#8243;][vc_column_text]<\/p>\n<div>\n<h5>LOCALITZACI\u00d3 D\u2019ESPAIS<\/h5>\n<\/div>\n<p>[\/vc_column_text][vc_separator type=&#8221;transparent&#8221; up=&#8221;10&#8243;][vc_column_text]Auditoris<br \/>\nCinemes<br \/>\nTeatres<br \/>\nCellers<br \/>\nEsportius<br \/>\nFinques<br \/>\nMasies<br \/>\nCastells<br \/>\nHotels<br \/>\nCongressos<br \/>\nRestaurants<br \/>\nBars<br \/>\nDiscoteques<br \/>\nSales[\/vc_column_text][\/vc_column_inner][vc_column_inner width=&#8221;1\/3&#8243;][vc_column_text el_class=&#8221;home-serveis-columnes&#8221;]<\/p>\n<div>\n<h5><span lang=\"EN-US\">SERVEIS T\u00c8CNICS<\/span><\/h5>\n<\/div>\n<p>[\/vc_column_text][vc_separator type=&#8221;transparent&#8221; up=&#8221;10&#8243;][vc_column_text]Acreditacions<br \/>\nAudiovisuals<br \/>\nLlum i So<br \/>\nV\u00eddeo<br \/>\nMapping<br \/>\nApps<br \/>\nStreaming<br \/>\nWifi[\/vc_column_text][\/vc_column_inner][vc_column_inner width=&#8221;1\/3&#8243;][vc_column_text el_class=&#8221;home-serveis-columnes&#8221;]<\/p>\n<div>\n<h5><span lang=\"EN-US\">DISSENY I MUNTATGE<\/span><\/h5>\n<\/div>\n<p>[\/vc_column_text][vc_separator type=&#8221;transparent&#8221; up=&#8221;10&#8243;][vc_column_text]Mobiliari<br \/>\nCarpes<br \/>\nEstructures<br \/>\nDecoraci\u00f3<br \/>\nEscenografia<br \/>\nTarimes<br \/>\nInflables<br \/>\nGuardaroba<br \/>\nImpressi\u00f3<br \/>\nDisseny<br \/>\nContinguts<br \/>\nEstands[\/vc_column_text][\/vc_column_inner][\/vc_row_inner][vc_row_inner row_type=&#8221;row&#8221; type=&#8221;grid&#8221; text_align=&#8221;left&#8221; css_animation=&#8221;&#8221; el_class=&#8221;home-serveis-columnes&#8221; padding_top=&#8221;50&#8243;][vc_column_inner width=&#8221;1\/3&#8243;][vc_column_text]<\/p>\n<div>\n<h5><span lang=\"EN-US\">MENJAR I BEURE<\/span><\/h5>\n<\/div>\n<p>[\/vc_column_text][vc_separator type=&#8221;transparent&#8221; up=&#8221;10&#8243;][vc_column_text]Catering<br \/>\nCocteleria<br \/>\nCoffee break<br \/>\nMenjar i Beguda personalitzada[\/vc_column_text][\/vc_column_inner][vc_column_inner width=&#8221;1\/3&#8243;][vc_column_text el_class=&#8221;home-serveis-columnes&#8221;]<\/p>\n<div>\n<h5><span lang=\"EN-US\">LLOGUER DE TRANSPORT<\/span><\/h5>\n<\/div>\n<p>[\/vc_column_text][vc_separator type=&#8221;transparent&#8221; up=&#8221;10&#8243;][vc_column_text]Charters<br \/>\nAvions<br \/>\nCotxes<br \/>\nAutocars<br \/>\nMinibus[\/vc_column_text][\/vc_column_inner][vc_column_inner width=&#8221;1\/3&#8243;][vc_column_text el_class=&#8221;home-serveis-columnes&#8221;]<\/p>\n<div>\n<h5>PERSONAL<\/h5>\n<\/div>\n<p>[\/vc_column_text][vc_separator type=&#8221;transparent&#8221; up=&#8221;10&#8243;][vc_column_text]Hostesses<br \/>\nPromotores<br \/>\nPonents<br \/>\nFot\u00f2grafs<br \/>\nC\u00e0rrega<br \/>\nMuntatge<br \/>\nSeguretat[\/vc_column_text][\/vc_column_inner][\/vc_row_inner][\/vc_column][\/vc_row][vc_row css_animation=&#8221;&#8221; row_type=&#8221;row&#8221; use_row_as_full_screen_section=&#8221;no&#8221; type=&#8221;full_width&#8221; angled_section=&#8221;no&#8221; text_align=&#8221;left&#8221; background_image_as_pattern=&#8221;without_pattern&#8221; z_index=&#8221;&#8221; padding_top=&#8221;100&#8243; padding_bottom=&#8221;100&#8243; el_id=&#8221;nosaltres&#8221;][vc_column][vc_row_inner row_type=&#8221;row&#8221; type=&#8221;grid&#8221; text_align=&#8221;left&#8221; css_animation=&#8221;&#8221; anchor=&#8221;nosaltres&#8221;][vc_column_inner][vc_column_text]<\/p>\n<h2>l&#8217;equip<\/h2>\n<p>[\/vc_column_text][vc_separator type=&#8221;transparent&#8221; down=&#8221;50&#8243;][\/vc_column_inner][\/vc_row_inner][vc_row_inner row_type=&#8221;row&#8221; type=&#8221;grid&#8221; text_align=&#8221;left&#8221; css_animation=&#8221;&#8221;][vc_column_inner width=&#8221;1\/4&#8243;][vc_single_image image=&#8221;289&#8243; img_size=&#8221;full&#8221; alignment=&#8221;center&#8221; qode_css_animation=&#8221;&#8221;][vc_separator type=&#8221;transparent&#8221; up=&#8221;10&#8243;][vc_column_text]<strong>Jordi Barr\u00e9s<\/strong><\/p>\n<p class=\"p1\">Soci. Director<\/p>\n<p>[\/vc_column_text][vc_separator type=&#8221;transparent&#8221; up=&#8221;10&#8243;]<span class='q_social_icon_holder circle_social' ><a itemprop='url' href='https:\/\/www.linkedin.com\/in\/jordi-barr%C3%A9s-costa\/' target='_self'><span class='fa-stack fa-lg' style=''><i class=\"qode_icon_font_awesome fa fa-linkedin \" style=\"\" ><\/i><\/span><\/a><\/span>[\/vc_column_inner][vc_column_inner width=&#8221;1\/4&#8243;][vc_single_image image=&#8221;286&#8243; img_size=&#8221;full&#8221; alignment=&#8221;center&#8221; qode_css_animation=&#8221;&#8221;][vc_separator type=&#8221;transparent&#8221; up=&#8221;10&#8243;][vc_column_text]<strong>Jordi Broca<\/strong><\/p>\n<p class=\"p1\">Soci. Director<\/p>\n<p>[\/vc_column_text][vc_separator type=&#8221;transparent&#8221; up=&#8221;10&#8243;]<span class='q_social_icon_holder circle_social' ><a itemprop='url' href='#' target='_self'><span class='fa-stack fa-lg' style=''><i class=\"qode_icon_font_awesome fa fa-linkedin \" style=\"\" ><\/i><\/span><\/a><\/span>[\/vc_column_inner][vc_column_inner width=&#8221;1\/4&#8243;][vc_single_image image=&#8221;228&#8243; img_size=&#8221;full&#8221; alignment=&#8221;center&#8221; qode_css_animation=&#8221;&#8221;][vc_separator type=&#8221;transparent&#8221; up=&#8221;10&#8243;][vc_column_text]<strong>Pere Vilella<\/strong><\/p>\n<p class=\"p1\">Soci. Director<\/p>\n<p>[\/vc_column_text][vc_separator type=&#8221;transparent&#8221; up=&#8221;10&#8243;]<span class='q_social_icon_holder circle_social' ><a itemprop='url' href='https:\/\/www.linkedin.com\/in\/pere-vilella\/' target='_self'><span class='fa-stack fa-lg' style=''><i class=\"qode_icon_font_awesome fa fa-linkedin \" style=\"\" ><\/i><\/span><\/a><\/span><span class='q_social_icon_holder circle_social' ><a itemprop='url' href='#' target='_self'><span class='fa-stack fa-lg' style=''><i class=\"qode_icon_font_awesome fa fa-instagram \" style=\"\" ><\/i><\/span><\/a><\/span>[\/vc_column_inner][vc_column_inner width=&#8221;1\/4&#8243;][vc_single_image image=&#8221;360&#8243; img_size=&#8221;full&#8221; qode_css_animation=&#8221;&#8221;][vc_separator type=&#8221;transparent&#8221;][vc_column_text]<strong>Joan Casals<\/strong><\/p>\n<p class=\"p1\">Producci\u00f3<\/p>\n<p>[\/vc_column_text][vc_separator type=&#8221;transparent&#8221;]<span class='q_social_icon_holder circle_social' ><a itemprop='url' href='https:\/\/www.linkedin.com\/in\/joan-casals-puig-33336351\/' target='_self'><span class='fa-stack fa-lg' style=''><i class=\"qode_icon_font_awesome fa fa-linkedin \" style=\"\" ><\/i><\/span><\/a><\/span>[\/vc_column_inner][\/vc_row_inner][vc_row_inner row_type=&#8221;row&#8221; type=&#8221;grid&#8221; text_align=&#8221;left&#8221; css_animation=&#8221;&#8221; padding_top=&#8221;50&#8243;][vc_column_inner width=&#8221;1\/4&#8243;][vc_single_image image=&#8221;351&#8243; img_size=&#8221;full&#8221; alignment=&#8221;center&#8221; qode_css_animation=&#8221;&#8221;][vc_separator type=&#8221;transparent&#8221; up=&#8221;10&#8243;][vc_column_text]<\/p>\n<p class=\"p1\"><strong>Borja Bou<\/strong><\/p>\n<p class=\"p1\">Gesti\u00f3 de persones<\/p>\n<p>[\/vc_column_text][vc_separator type=&#8221;transparent&#8221; up=&#8221;10&#8243;]<span class='q_social_icon_holder circle_social' ><a itemprop='url' href='https:\/\/www.linkedin.com\/in\/borja-bou-bartos-5609365a\/' target='_self'><span class='fa-stack fa-lg' style=''><i class=\"qode_icon_font_awesome fa fa-linkedin \" style=\"\" ><\/i><\/span><\/a><\/span>[\/vc_column_inner][vc_column_inner width=&#8221;1\/4&#8243;][vc_single_image image=&#8221;354&#8243; img_size=&#8221;full&#8221; alignment=&#8221;center&#8221; qode_css_animation=&#8221;&#8221;][vc_separator type=&#8221;transparent&#8221; up=&#8221;10&#8243;][vc_column_text]<strong>Carles Grau<\/strong><\/p>\n<p class=\"p1\">M\u00e0rqueting<\/p>\n<p>[\/vc_column_text][vc_separator type=&#8221;transparent&#8221; up=&#8221;10&#8243;]<span class='q_social_icon_holder circle_social' ><a itemprop='url' href='https:\/\/www.linkedin.com\/in\/carles-grau-b1856914' target='_self'><span class='fa-stack fa-lg' style=''><i class=\"qode_icon_font_awesome fa fa-linkedin \" style=\"\" ><\/i><\/span><\/a><\/span>[\/vc_column_inner][vc_column_inner width=&#8221;1\/4&#8243;][vc_single_image image=&#8221;357&#8243; img_size=&#8221;full&#8221; alignment=&#8221;center&#8221; qode_css_animation=&#8221;&#8221;][vc_separator type=&#8221;transparent&#8221; up=&#8221;10&#8243;][vc_column_text]<\/p>\n<p class=\"p1\"><strong>Alvaro Sim\u00f3n<\/strong><\/p>\n<p class=\"p1\">Producci\u00f3<\/p>\n<p>[\/vc_column_text][vc_separator type=&#8221;transparent&#8221; up=&#8221;10&#8243;]<span class='q_social_icon_holder circle_social' ><a itemprop='url' href='https:\/\/www.linkedin.com\/in\/alvaro-sim%C3%B3n-62799a10a\/' target='_self'><span class='fa-stack fa-lg' style=''><i class=\"qode_icon_font_awesome fa fa-linkedin \" style=\"\" ><\/i><\/span><\/a><\/span><span class='q_social_icon_holder circle_social' ><a itemprop='url' href='#' target='_self'><span class='fa-stack fa-lg' style=''><i class=\"qode_icon_font_awesome fa fa-instagram \" style=\"\" ><\/i><\/span><\/a><\/span>[\/vc_column_inner][vc_column_inner width=&#8221;1\/4&#8243;][\/vc_column_inner][\/vc_row_inner][vc_row_inner row_type=&#8221;row&#8221; type=&#8221;grid&#8221; text_align=&#8221;left&#8221; css_animation=&#8221;&#8221; padding_top=&#8221;100&#8243;][vc_column_inner][vc_column_text]<\/p>\n<h2>Alguns dels nostres clients<\/h2>\n<p>[\/vc_column_text][vc_separator type=&#8221;transparent&#8221; down=&#8221;50&#8243;][\/vc_column_inner][\/vc_row_inner][vc_row_inner row_type=&#8221;row&#8221; type=&#8221;grid&#8221; text_align=&#8221;left&#8221; css_animation=&#8221;&#8221; el_id=&#8221;clients&#8221;][vc_column_inner width=&#8221;1\/3&#8243;][vc_column_text]Abertis<br \/>\nAccenture<br \/>\nActiva Mutua<br \/>\nAdecco<br \/>\nAudi Retail Bcn<br \/>\nCovestro<br \/>\nCriteo<br \/>\nCuatrecasas<br \/>\nGas Natural<br \/>\nHolaluz<br \/>\nHP<\/p>\n<p>[\/vc_column_text][\/vc_column_inner][vc_column_inner width=&#8221;1\/3&#8243;][vc_column_text]Human and Business<br \/>\nEcolab<br \/>\nHuman Side<br \/>\nIESE<br \/>\nIkea<br \/>\nIn Store Media<br \/>\nInsights Discovery<br \/>\nInstitut Catal\u00e0 del Sol<br \/>\nGarrigues<br \/>\nJNC<br \/>\nJuegos Kompan[\/vc_column_text][\/vc_column_inner][vc_column_inner width=&#8221;1\/3&#8243;][vc_column_text]Kai Motor<br \/>\nKpmg Gothenburg<br \/>\nLevi Strauss Spain<br \/>\nMCI<br \/>\nSecuritas<br \/>\nSunny Delight Spain<br \/>\nSystelab Technologies<br \/>\nTravelPerk<br \/>\nVanderlande<br \/>\nVolkswagen<br \/>\nWerfen[\/vc_column_text][\/vc_column_inner][\/vc_row_inner][\/vc_column][\/vc_row]<\/p>\n","protected":false},"excerpt":{"rendered":"<p>[vc_row css_animation=&#8221;&#8221; row_type=&#8221;row&#8221; use_row_as_full_screen_section=&#8221;no&#8221; type=&#8221;grid&#8221; angled_section=&#8221;no&#8221; text_align=&#8221;left&#8221; background_image_as_pattern=&#8221;without_pattern&#8221; z_index=&#8221;&#8221; padding_bottom=&#8221;50&#8243; padding_top=&#8221;30&#8243;][vc_column][vc_column_text] 20 anys creant experi\u00e8ncies 360\u00ba [\/vc_column_text][\/vc_column][\/vc_row][vc_row css_animation=&#8221;&#8221; row_type=&#8221;row&#8221; use_row_as_full_screen_section=&#8221;no&#8221; type=&#8221;full_width&#8221; angled_section=&#8221;no&#8221; text_align=&#8221;left&#8221; background_image_as_pattern=&#8221;without_pattern&#8221; background_image=&#8221;93&#8243; z_index=&#8221;&#8221; padding_top=&#8221;250&#8243; padding_bottom=&#8221;250&#8243;][vc_column][\/vc_column][\/vc_row][vc_row css_animation=&#8221;&#8221; row_type=&#8221;row&#8221; use_row_as_full_screen_section=&#8221;no&#8221; type=&#8221;grid&#8221; angled_section=&#8221;no&#8221; text_align=&#8221;left&#8221; background_image_as_pattern=&#8221;without_pattern&#8221; z_index=&#8221;&#8221; padding_bottom=&#8221;100&#8243; padding_top=&#8221;100&#8243;][vc_column][vc_column_text] El grup Lapica neix el 1993 i&#8230;<\/p>\n","protected":false},"author":1,"featured_media":0,"parent":0,"menu_order":0,"comment_status":"closed","ping_status":"closed","template":"","meta":{"footnotes":""},"class_list":["post-221","page","type-page","status-publish","hentry"],"_links":{"self":[{"href":"https:\/\/lapicacompanies.com\/ca\/wp-json\/wp\/v2\/pages\/221","targetHints":{"allow":["GET"]}}],"collection":[{"href":"https:\/\/lapicacompanies.com\/ca\/wp-json\/wp\/v2\/pages"}],"about":[{"href":"https:\/\/lapicacompanies.com\/ca\/wp-json\/wp\/v2\/types\/page"}],"author":[{"embeddable":true,"href":"https:\/\/lapicacompanies.com\/ca\/wp-json\/wp\/v2\/users\/1"}],"replies":[{"embeddable":true,"href":"https:\/\/lapicacompanies.com\/ca\/wp-json\/wp\/v2\/comments?post=221"}],"version-history":[{"count":12,"href":"https:\/\/lapicacompanies.com\/ca\/wp-json\/wp\/v2\/pages\/221\/revisions"}],"predecessor-version":[{"id":779,"href":"https:\/\/lapicacompanies.com\/ca\/wp-json\/wp\/v2\/pages\/221\/revisions\/779"}],"wp:attachment":[{"href":"https:\/\/lapicacompanies.com\/ca\/wp-json\/wp\/v2\/media?parent=221"}],"curies":[{"name":"wp","href":"https:\/\/api.w.org\/{rel}","templated":true}]}}